{"id":2793,"date":"2023-04-11T07:43:55","date_gmt":"2023-04-11T05:43:55","guid":{"rendered":"https:\/\/adroplan.ch\/impressum\/"},"modified":"2024-11-18T11:13:04","modified_gmt":"2024-11-18T10:13:04","slug":"impressum","status":"publish","type":"page","link":"https:\/\/adroplan.ch\/fr\/impressum\/","title":{"rendered":"Impressum"},"content":{"rendered":"\t\t<div data-elementor-type=\"wp-page\" data-elementor-id=\"2793\" class=\"elementor elementor-2793 elementor-37\" data-elementor-post-type=\"page\">\n\t\t\t\t<div class=\"elementor-element elementor-element-beef619 e-con-full e-flex e-con e-parent\" data-id=\"beef619\" data-element_type=\"container\" data-e-type=\"container\" data-aos=\"fade-out\" data-aos-mirror=\"false\" data-aos-offset=\"-240\" data-aos-anchor-placement=\"bottom-top\">\n\t\t\t\t<div class=\"elementor-element elementor-element-656e9d8 ellipse elementor-absolute elementor-widget__width-initial e-transform elementor-view-default elementor-widget elementor-widget-icon\" data-id=\"656e9d8\" data-element_type=\"widget\" data-e-type=\"widget\" data-settings=\"{&quot;_position&quot;:&quot;absolute&quot;,&quot;motion_fx_translateX_effect&quot;:&quot;yes&quot;,&quot;motion_fx_translateX_direction&quot;:&quot;negative&quot;,&quot;motion_fx_translateX_speed&quot;:{&quot;unit&quot;:&quot;px&quot;,&quot;size&quot;:10,&quot;sizes&quot;:[]},&quot;motion_fx_opacity_effect&quot;:&quot;yes&quot;,&quot;motion_fx_opacity_direction&quot;:&quot;out-in-out&quot;,&quot;_transform_translateY_effect&quot;:{&quot;unit&quot;:&quot;%&quot;,&quot;size&quot;:50,&quot;sizes&quot;:[]},&quot;_transform_translateY_effect_tablet&quot;:{&quot;unit&quot;:&quot;%&quot;,&quot;size&quot;:&quot;&quot;,&quot;sizes&quot;:[]},&quot;_transform_translateY_effect_mobile&quot;:{&quot;unit&quot;:&quot;%&quot;,&quot;size&quot;:&quot;&quot;,&quot;sizes&quot;:[]},&quot;motion_fx_translateY_effect&quot;:&quot;yes&quot;,&quot;motion_fx_translateY_direction&quot;:&quot;negative&quot;,&quot;_transform_translateX_effect&quot;:{&quot;unit&quot;:&quot;%&quot;,&quot;size&quot;:50,&quot;sizes&quot;:[]},&quot;_transform_translateX_effect_tablet&quot;:{&quot;unit&quot;:&quot;%&quot;,&quot;size&quot;:&quot;&quot;,&quot;sizes&quot;:[]},&quot;_transform_translateX_effect_mobile&quot;:{&quot;unit&quot;:&quot;%&quot;,&quot;size&quot;:&quot;&quot;,&quot;sizes&quot;:[]},&quot;motion_fx_motion_fx_scrolling&quot;:&quot;yes&quot;,&quot;motion_fx_devices&quot;:[&quot;desktop&quot;],&quot;motion_fx_translateY_speed&quot;:{&quot;unit&quot;:&quot;px&quot;,&quot;size&quot;:4,&quot;sizes&quot;:[]},&quot;motion_fx_translateY_affectedRange&quot;:{&quot;unit&quot;:&quot;%&quot;,&quot;size&quot;:&quot;&quot;,&quot;sizes&quot;:{&quot;start&quot;:0,&quot;end&quot;:100}},&quot;motion_fx_translateX_affectedRange&quot;:{&quot;unit&quot;:&quot;%&quot;,&quot;size&quot;:&quot;&quot;,&quot;sizes&quot;:{&quot;start&quot;:0,&quot;end&quot;:100}},&quot;motion_fx_opacity_level&quot;:{&quot;unit&quot;:&quot;px&quot;,&quot;size&quot;:10,&quot;sizes&quot;:[]},&quot;motion_fx_opacity_range&quot;:{&quot;unit&quot;:&quot;%&quot;,&quot;size&quot;:&quot;&quot;,&quot;sizes&quot;:{&quot;start&quot;:20,&quot;end&quot;:80}}}\" data-aos=\"fade-down-right-wide\" data-aos-delay=\"600\" data-aos-duration=\"1200\" data-aos-easing=\"ease-out-quart\" data-aos-disable=\"desktop\" data-widget_type=\"icon.default\">\n\t\t\t\t<div class=\"elementor-widget-container\">\n\t\t\t\t\t\t\t<div class=\"elementor-icon-wrapper\">\n\t\t\t<div class=\"elementor-icon\">\n\t\t\t<svg xmlns=\"http:\/\/www.w3.org\/2000\/svg\" xmlns:xlink=\"http:\/\/www.w3.org\/1999\/xlink\" class=\"elipse\" x=\"0px\" y=\"0px\" viewBox=\"0 0 14.84 9.65\" style=\"enable-background:new 0 0 14.84 9.65;\" xml:space=\"preserve\"><style type=\"text\/css\">\t.elipse-st0{fill-rule:evenodd;clip-rule:evenodd;fill:#FFDB00;}<\/style><path class=\"elipse-st0\" d=\"M14.84,4.83c0,2.66-3.32,4.82-7.42,4.82C3.32,9.65,0,7.49,0,4.83C0,2.16,3.32,0,7.42,0 C11.52,0,14.84,2.16,14.84,4.83L14.84,4.83z\"><\/path><\/svg>\t\t\t<\/div>\n\t\t<\/div>\n\t\t\t\t\t\t<\/div>\n\t\t\t\t<\/div>\n\t\t<div class=\"elementor-element elementor-element-04dbc88 e-con-full e-flex e-con e-child\" data-id=\"04dbc88\" data-element_type=\"container\" data-e-type=\"container\" data-aos=\"fade-left-soft\" data-aos-mobile=\"fade\">\n\t\t\t\t<div class=\"elementor-element elementor-element-3f99fa2 elementor-widget elementor-widget-text-editor\" data-id=\"3f99fa2\" data-element_type=\"widget\" data-e-type=\"widget\" data-widget_type=\"text-editor.default\">\n\t\t\t\t<div class=\"elementor-widget-container\">\n\t\t\t\t\t\t\t\t\t<h1>Impressum<\/h1>\n<h3>Concept &amp; R\u00e9daction<br \/>\n<\/h3>\n<p>Si\u00e8ge Schwyz<br \/>adroplan Beratungs AG<br \/>Maria-Hilf-Strasse 7<br \/>6430 Schwyz<br \/>Tel. 041 818 00 00<br \/>Fax 041 818 00 09<\/p>\n<h3>Cr\u00e9ation &amp; R\u00e9alisation<\/h3>\n<p>Triner Media+Print<br \/>Schmiedgasse 7<br \/>6430 Schwyz<br \/>Tel. <span class=\"elementor-icon-list-text\">041 819 08 10<\/span><br \/>beratung@triner.ch<br \/>www.triner.ch<\/p>\n\t\t\t\t\t\t\t\t<\/div>\n\t\t\t\t<\/div>\n\t\t\t\t<\/div>\n\t\t\t\t<\/div>\n\t\t\t\t<\/div>\n\t\t","protected":false},"excerpt":{"rendered":"<p>Impressum Concept &amp; R\u00e9daction Si\u00e8ge Schwyzadroplan Beratungs AGMaria-Hilf-Strasse 76430 SchwyzTel. 041 818 00 00Fax 041 818 00 09 Cr\u00e9ation &amp; R\u00e9alisation Triner Media+PrintSchmiedgasse 76430 SchwyzTel. 041 819 08 10beratung@triner.chwww.triner.ch<\/p>\n","protected":false},"author":1,"featured_media":0,"parent":0,"menu_order":0,"comment_status":"closed","ping_status":"closed","template":"","meta":{"footnotes":""},"class_list":["post-2793","page","type-page","status-publish","hentry"],"_links":{"self":[{"href":"https:\/\/adroplan.ch\/fr\/wp-json\/wp\/v2\/pages\/2793","targetHints":{"allow":["GET"]}}],"collection":[{"href":"https:\/\/adroplan.ch\/fr\/wp-json\/wp\/v2\/pages"}],"about":[{"href":"https:\/\/adroplan.ch\/fr\/wp-json\/wp\/v2\/types\/page"}],"author":[{"embeddable":true,"href":"https:\/\/adroplan.ch\/fr\/wp-json\/wp\/v2\/users\/1"}],"replies":[{"embeddable":true,"href":"https:\/\/adroplan.ch\/fr\/wp-json\/wp\/v2\/comments?post=2793"}],"version-history":[{"count":0,"href":"https:\/\/adroplan.ch\/fr\/wp-json\/wp\/v2\/pages\/2793\/revisions"}],"wp:attachment":[{"href":"https:\/\/adroplan.ch\/fr\/wp-json\/wp\/v2\/media?parent=2793"}],"curies":[{"name":"wp","href":"https:\/\/api.w.org\/{rel}","templated":true}]}}